{"id":132,"date":"2021-11-10T23:36:26","date_gmt":"2021-11-10T21:36:26","guid":{"rendered":"https:\/\/beimex.com.tr\/?page_id=132"},"modified":"2022-06-15T07:16:30","modified_gmt":"2022-06-15T05:16:30","slug":"hakkimizda","status":"publish","type":"page","link":"https:\/\/www.beimex.com.tr\/tr\/hakkimizda\/","title":{"rendered":"Hakk\u0131m\u0131zda"},"content":{"rendered":"[vc_row equal_height=&#8221;yes&#8221;][vc_column width=&#8221;1\/3&#8243;][vc_single_image image=&#8221;314&#8243;][\/vc_column][vc_column width=&#8221;2\/3&#8243;][vc_column_text]\u015eirketimiz Beimex Ltd., kuruldu\u011fu 1980 y\u0131l\u0131ndan itibaren K\u0131br\u0131s T\u00fcrk toplumunun ilk ve en geni\u015f \u00fcr\u00fcn Portf\u00f6y\u00fcne sahip dondurulmu\u015f g\u0131da ithalat\u00e7\u0131s\u0131 olarak hizmet vermektedir.<\/p>\n<p>Ana faaliyetimiz dondurulmu\u015f ve so\u011futulmu\u015f g\u0131da \u00fcr\u00fcnlerinin ithalat\u0131, depolamas\u0131 ve da\u011f\u0131t\u0131m\u0131 ile K\u0131br\u0131s&#8217;\u0131n kuzey kesiminde genelinde t\u00fcm perakende sat\u0131\u015f noktalar\u0131, restoran ve otel gibi toplu diyecek\/ i\u00e7ecek sekt\u00f6r\u00fcn\u00fcn (HoReCa) t\u00fcm tesisleriyle \u00e7al\u0131\u015fmaktay\u0131z.<\/p>\n<p>M\u00fc\u015fterilerimize hep daha iyi hizmet sa\u011flayarak, kaliteli ve g\u00fcvenli \u00fcr\u00fcnleri tedarik ederek ve s\u00fcrekli geli\u015fip b\u00fcy\u00fcmeyi hedefleyen \u015firketimiz 40 y\u0131l\u0131 a\u015fk\u0131n s\u00fcredir bu amac\u0131na ula\u015fmak i\u00e7in \u00e7al\u0131\u015fmaktad\u0131r. Kendi alan\u0131nda d\u00fcnyan\u0131n en iyi markalar\u0131n\u0131 m\u00fc\u015fterilerimizle bulu\u015fturman\u0131n ve ISO 9001 Kalite Y\u00f6netim Sistemi, ISO 22000 G\u0131da G\u00fcvenli\u011fi Sistemi belgeleri ile hizmet vermenin gururunu ta\u015f\u0131yoruz.[\/vc_column_text][\/vc_column][\/vc_row][vc_row][vc_column][vc_custom_heading text=&#8221;Faaliyetlerimiz&#8221; use_theme_fonts=&#8221;yes&#8221; css=&#8221;.vc_custom_1652299983820{padding-top: 20px !important;padding-bottom: 20px !important;padding-left: 20px !important;background-color: #ffce5b !important;}&#8221;][vc_empty_space height=&#8221;20px&#8221;][vc_column_text]Firmam\u0131z bug\u00fcn Borda markas\u0131n\u0131n yan\u0131 s\u0131ra, ithal etti\u011fi d\u00fcnya markalar\u0131 ile, perakende ve HoReCa kanal\u0131ndaki 200&#8217;\u00fc a\u015fk\u0131n \u00fcr\u00fcn \u00e7e\u015fidiyle dondurulmu\u015f g\u0131da pazar\u0131n\u0131n en zengin \u00fcr\u00fcn yelpazesine sahip \u015firketi konumundad\u0131r. Toplu t\u00fcketim ve perakende kanal\u0131nda \u00e7e\u015fitli dondurulmu\u015f \u00fcr\u00fcne sahip olan \u015firketimiz, \u00fcretimin hammadde se\u00e7iminden son t\u00fcketiciye ula\u015fana kadar her a\u015famas\u0131n\u0131 titizlikle ele al\u0131r.<\/p>\n<p>T\u00fcm \u00fcr\u00fcnlerin son t\u00fcketiciye kadar, en sa\u011fl\u0131kl\u0131, en titiz koruma y\u00f6ntemleriyle ula\u015ft\u0131rmas\u0131, tedarikin her ad\u0131m\u0131nda so\u011fuk zincirin k\u0131r\u0131lmadan ger\u00e7ekle\u015ftirilmesi, \u00fcretim standartlar\u0131 ve \u00fcr\u00fcn kalitesi ile t\u00fcketicisinin tercihi olan Beimex Ltd, horeca sekt\u00f6r\u00fcndeki otel, restoran vb toplu g\u0131da servisi veren i\u015fletmelere \u00fcst\u00fcn kalite \u00fcr\u00fcn tedarik etmektedir.<\/p>\n<p>Borda markam\u0131zla, ailelere, \u00f6zellikle de \u00e7ocuklara sebze ve deniz \u00fcr\u00fcnlerini sevdirerek toplumumuzda sa\u011fl\u0131kl\u0131 t\u00fcketim al\u0131\u015fkanl\u0131klar\u0131n\u0131n kazan\u0131lmas\u0131nda katk\u0131 sa\u011flamaya \u00e7al\u0131\u015fmaktay\u0131z. Do\u011fal, sa\u011fl\u0131kl\u0131 ve lezzetli \u00fcr\u00fcnleriyle t\u00fcketicilerinin tam g\u00fcvenini kazanarak dondurulmu\u015f g\u0131da \u00fcr\u00fcnlerini ailelere hasad\u0131n \u2018ilk dakikalar\u0131ndaki\u2019 tazeli\u011fiyle ula\u015ft\u0131rmaya devam ediyoruz. Dondurulmu\u015f \u00fcr\u00fcnlerimizde hi\u00e7bir katk\u0131 ve koruyucu madde kullan\u0131lmaz.[\/vc_column_text][\/vc_column][\/vc_row][vc_row][vc_column width=&#8221;1\/2&#8243;][vc_single_image image=&#8221;316&#8243;][\/vc_column][vc_column width=&#8221;1\/2&#8243;][vc_single_image image=&#8221;312&#8243;][\/vc_column][\/vc_row][vc_row][vc_column width=&#8221;1\/2&#8243;][vc_custom_heading text=&#8221;Vizyonumuz&#8221; use_theme_fonts=&#8221;yes&#8221; css=&#8221;.vc_custom_1652299954707{padding-top: 20px !important;padding-bottom: 20px !important;padding-left: 20px !important;background-color: #ffce5b !important;}&#8221;][vc_empty_space height=&#8221;20px&#8221;][vc_column_text]\u00dclke ekonomimizin her t\u00fcrl\u00fc ko\u015fuluna adapte olarak, \u00fclkemizin, t\u00fcketicimizin, \u00e7al\u0131\u015fanlar\u0131m\u0131z ve t\u00fcm payda\u015flar\u0131m\u0131za lider pozisyonumuzla, prensiplerimizden taviz vermeden hizmet vermeye devam etmek, faaliyetlerimizi kaliteli hizmet ilkesiyle adan\u0131n en \u00fccra k\u00f6\u015fesine kadar ula\u015ft\u0131rmak ve dahas\u0131 yerel \u00fcr\u00fcnleri dondurarak Avrupa ve Orta Do\u011fu&#8217;ya ihracat\u0131n\u0131 ger\u00e7ekle\u015ftirmektir.[\/vc_column_text][\/vc_column][vc_column width=&#8221;1\/2&#8243;][vc_custom_heading text=&#8221;Misyonumuz&#8221; use_theme_fonts=&#8221;yes&#8221; css=&#8221;.vc_custom_1652299938188{padding-top: 20px !important;padding-bottom: 20px !important;padding-left: 20px !important;background-color: #ffce5b !important;}&#8221;][vc_empty_space height=&#8221;20px&#8221;][vc_column_text]Beimex Ltd\u2019de misyonumuz g\u0131da g\u00fcvenli\u011fine \u00f6nem vererek, kaliteli \u00fcr\u00fcn ve hizmet sunum kapasitemizi s\u00fcrekli art\u0131rmak ve m\u00fc\u015fteri memnuniyetini en \u00fcst seviyede tutmakt\u0131r. Kalite ve lezzeti bulu\u015fturan \u00fcr\u00fcnleri, sa\u011fl\u0131kl\u0131 ve g\u00fcvenli de\u011fer ile sunan, lider ve yenilik\u00e7i marka olmakt\u0131r.[\/vc_column_text][\/vc_column][\/vc_row][vc_row][vc_column width=&#8221;1\/2&#8243;][vc_single_image image=&#8221;310&#8243;][\/vc_column][vc_column width=&#8221;1\/2&#8243;][vc_custom_heading text=&#8221;De\u011ferlerimiz&#8221; use_theme_fonts=&#8221;yes&#8221; css=&#8221;.vc_custom_1652299923323{padding-top: 20px !important;padding-bottom: 20px !important;padding-left: 20px !important;background-color: #ffce5b !important;}&#8221;][vc_empty_space height=&#8221;20px&#8221;]<div style=\"line-height:40px;\" class=\"vcex-module vcex-bullets vcex-bullets-check\">\n<ul>\n<li>D\u00fcr\u00fcstl\u00fck, g\u00fcvene dayal\u0131 i\u015fbirli\u011fi<\/li>\n<li>Hukuka sayg\u0131, \u00e7al\u0131\u015fan haklar\u0131na sayg\u0131<\/li>\n<li>Toplum ve aile de\u011ferlerine ba\u011fl\u0131l\u0131k<\/li>\n<li>M\u00fc\u015fteri duyarl\u0131l\u0131\u011f\u0131<\/li>\n<li>Yenilik\u00e7ilik, \u00f6nc\u00fcl\u00fck<\/li>\n<\/ul>\n<\/div>[\/vc_column][\/vc_row][vc_row][vc_column][vc_custom_heading text=&#8221;Beimex \u0130lkeleri&#8221; font_container=&#8221;tag:h1|text_align:left&#8221; use_theme_fonts=&#8221;yes&#8221; css=&#8221;.vc_custom_1652299769628{padding-top: 20px !important;padding-bottom: 20px !important;padding-left: 20px !important;background-color: #ffce5b !important;}&#8221;]<div class=\"vcex-spacing wpex-w-100 wpex-clear\" style=\"height:30px;\"><\/div>[vc_row_inner][vc_column_inner width=&#8221;1\/4&#8243; css=&#8221;.vc_custom_1652299532923{border-radius: 4px !important;}&#8221;][vc_custom_heading text=&#8221;M\u00fc\u015fteri Memnuniyeti&#8221; font_container=&#8221;tag:h3|text_align:center&#8221; use_theme_fonts=&#8221;yes&#8221;][vc_empty_space height=&#8221;20px&#8221;][vc_column_text]M\u00fc\u015fterilerin ihtiya\u00e7lar\u0131 ve isteklerini her zaman birinci s\u0131rada tutmak ve bu do\u011frultuda \u00fcretim yapmak.[\/vc_column_text][\/vc_column_inner][vc_column_inner width=&#8221;1\/4&#8243;][vc_custom_heading text=&#8221;Lezzet&#8221; font_container=&#8221;tag:h3|text_align:center&#8221; use_theme_fonts=&#8221;yes&#8221;][vc_empty_space height=&#8221;20px&#8221;][vc_column_text]\u00dcr\u00fcnlerimizin her zaman \u00fcst\u00fcn lezzete ve kaliteye sahip olmalar\u0131n\u0131 sa\u011flamak.[\/vc_column_text][\/vc_column_inner][vc_column_inner width=&#8221;1\/4&#8243;][vc_custom_heading text=&#8221;Teknoloji&#8221; font_container=&#8221;tag:h3|text_align:center&#8221; use_theme_fonts=&#8221;yes&#8221;][vc_empty_space height=&#8221;20px&#8221;][vc_column_text]Sekt\u00f6r\u00fcn teknolojik geli\u015fmelerini yak\u0131ndan takip etmek, yenilik\u00e7i ve at\u0131l\u0131mc\u0131 olmak.[\/vc_column_text][\/vc_column_inner][vc_column_inner width=&#8221;1\/4&#8243;][vc_custom_heading text=&#8221;\u00dcr\u00fcn \u00c7e\u015fitlili\u011fi&#8221; font_container=&#8221;tag:h3|text_align:center&#8221; use_theme_fonts=&#8221;yes&#8221;][vc_empty_space height=&#8221;20px&#8221;][vc_column_text]Pazar\u0131n ihtiya\u00e7lar\u0131n\u0131 ve t\u00fcketici e\u011filimlerini g\u00f6z \u00f6n\u00fcnde bulundurarak t\u00fcketicilere yeni \u00fcr\u00fcnler sunmak.[\/vc_column_text][\/vc_column_inner][\/vc_row_inner][\/vc_column][\/vc_row]\n","protected":false},"excerpt":{"rendered":"<p>[vc_row equal_height=&#8221;yes&#8221;][vc_column width=&#8221;1\/3&#8243;][vc_single_image image=&#8221;314&#8243;][\/vc_column][vc_column width=&#8221;2\/3&#8243;][vc_column_text]\u015eirketimiz Beimex Ltd., kuruldu\u011fu 1980 y\u0131l\u0131ndan itibaren K\u0131br\u0131s T\u00fcrk toplumunun ilk ve en geni\u015f \u00fcr\u00fcn Portf\u00f6y\u00fcne sahip dondurulmu\u015f g\u0131da ithalat\u00e7\u0131s\u0131 olarak hizmet vermektedir. Ana faaliyetimiz dondurulmu\u015f ve so\u011futulmu\u015f g\u0131da \u00fcr\u00fcnlerinin ithalat\u0131, depolamas\u0131 ve da\u011f\u0131t\u0131m\u0131 ile K\u0131br\u0131s&#8217;\u0131n kuzey kesiminde genelinde t\u00fcm perakende sat\u0131\u015f noktalar\u0131, restoran ve otel gibi toplu diyecek\/ i\u00e7ecek sekt\u00f6r\u00fcn\u00fcn&hellip;<\/p>\n","protected":false},"author":1,"featured_media":0,"parent":0,"menu_order":0,"comment_status":"closed","ping_status":"closed","template":"","meta":[],"_links":{"self":[{"href":"https:\/\/www.beimex.com.tr\/tr\/wp-json\/wp\/v2\/pages\/132"}],"collection":[{"href":"https:\/\/www.beimex.com.tr\/tr\/wp-json\/wp\/v2\/pages"}],"about":[{"href":"https:\/\/www.beimex.com.tr\/tr\/wp-json\/wp\/v2\/types\/page"}],"author":[{"embeddable":true,"href":"https:\/\/www.beimex.com.tr\/tr\/wp-json\/wp\/v2\/users\/1"}],"replies":[{"embeddable":true,"href":"https:\/\/www.beimex.com.tr\/tr\/wp-json\/wp\/v2\/comments?post=132"}],"version-history":[{"count":26,"href":"https:\/\/www.beimex.com.tr\/tr\/wp-json\/wp\/v2\/pages\/132\/revisions"}],"predecessor-version":[{"id":451,"href":"https:\/\/www.beimex.com.tr\/tr\/wp-json\/wp\/v2\/pages\/132\/revisions\/451"}],"wp:attachment":[{"href":"https:\/\/www.beimex.com.tr\/tr\/wp-json\/wp\/v2\/media?parent=132"}],"curies":[{"name":"wp","href":"https:\/\/api.w.org\/{rel}","templated":true}]}}