{"id":160,"date":"2022-05-11T21:02:53","date_gmt":"2022-05-11T19:02:53","guid":{"rendered":"https:\/\/beimex.com.tr\/?page_id=160"},"modified":"2022-05-11T21:04:16","modified_gmt":"2022-05-11T19:04:16","slug":"projelerimiz","status":"publish","type":"page","link":"https:\/\/www.beimex.com.tr\/tr\/projelerimiz\/","title":{"rendered":"Projelerimiz"},"content":{"rendered":"[vc_row][vc_column][vc_column_text]Firmam\u0131z, \u201cYeni Yerel Ni\u015f Tar\u0131m \u00dcr\u00fcnleri \u00dcretim Hatt\u0131\u201d projesinin uygulanmas\u0131 amac\u0131yla Avrupa Birli\u011fi taraf\u0131ndan finanse edilen hibe program\u0131 kapsam\u0131nda hibe almaya hak kazanm\u0131\u015ft\u0131r. Bu \u00e7er\u00e7evede, 22\/08\/2019 tarihinde Avrupa Birli\u011fi ile firmam\u0131z projeyi ger\u00e7ekle\u015ftirmek amac\u0131 ile s\u00f6zle\u015fme imzalam\u0131\u015ft\u0131r. Proje s\u00fcresi 34 ay olup, tahmini biti\u015f s\u00fcresinden \u00f6nce ba\u015far\u0131 ile ger\u00e7ekle\u015fmi\u015ftir.[\/vc_column_text][\/vc_column][\/vc_row]\n","protected":false},"excerpt":{"rendered":"<p>[vc_row][vc_column][vc_column_text]Firmam\u0131z, \u201cYeni Yerel Ni\u015f Tar\u0131m \u00dcr\u00fcnleri \u00dcretim Hatt\u0131\u201d projesinin uygulanmas\u0131 amac\u0131yla Avrupa Birli\u011fi taraf\u0131ndan finanse edilen hibe program\u0131 kapsam\u0131nda hibe almaya hak kazanm\u0131\u015ft\u0131r. Bu \u00e7er\u00e7evede, 22\/08\/2019 tarihinde Avrupa Birli\u011fi ile firmam\u0131z projeyi ger\u00e7ekle\u015ftirmek amac\u0131 ile s\u00f6zle\u015fme imzalam\u0131\u015ft\u0131r. Proje s\u00fcresi 34 ay olup, tahmini biti\u015f s\u00fcresinden \u00f6nce ba\u015far\u0131 ile ger\u00e7ekle\u015fmi\u015ftir.[\/vc_column_text][\/vc_column][\/vc_row]<\/p>\n","protected":false},"author":1,"featured_media":0,"parent":0,"menu_order":0,"comment_status":"closed","ping_status":"closed","template":"","meta":[],"_links":{"self":[{"href":"https:\/\/www.beimex.com.tr\/tr\/wp-json\/wp\/v2\/pages\/160"}],"collection":[{"href":"https:\/\/www.beimex.com.tr\/tr\/wp-json\/wp\/v2\/pages"}],"about":[{"href":"https:\/\/www.beimex.com.tr\/tr\/wp-json\/wp\/v2\/types\/page"}],"author":[{"embeddable":true,"href":"https:\/\/www.beimex.com.tr\/tr\/wp-json\/wp\/v2\/users\/1"}],"replies":[{"embeddable":true,"href":"https:\/\/www.beimex.com.tr\/tr\/wp-json\/wp\/v2\/comments?post=160"}],"version-history":[{"count":1,"href":"https:\/\/www.beimex.com.tr\/tr\/wp-json\/wp\/v2\/pages\/160\/revisions"}],"predecessor-version":[{"id":162,"href":"https:\/\/www.beimex.com.tr\/tr\/wp-json\/wp\/v2\/pages\/160\/revisions\/162"}],"wp:attachment":[{"href":"https:\/\/www.beimex.com.tr\/tr\/wp-json\/wp\/v2\/media?parent=160"}],"curies":[{"name":"wp","href":"https:\/\/api.w.org\/{rel}","templated":true}]}}