{"id":247,"date":"2022-05-15T21:59:44","date_gmt":"2022-05-15T19:59:44","guid":{"rendered":"https:\/\/beimex.com.tr\/?page_id=247"},"modified":"2023-09-12T14:28:00","modified_gmt":"2023-09-12T12:28:00","slug":"anasayfa-2","status":"publish","type":"page","link":"https:\/\/www.beimex.com.tr\/tr\/","title":{"rendered":"Anasayfa"},"content":{"rendered":"[vc_row][vc_column]\n\t\t\t<!-- START Slider 1 REVOLUTION SLIDER 6.5.9 --><p class=\"rs-p-wp-fix\"><\/p>\n\t\t\t<rs-module-wrap id=\"rev_slider_2_1_wrapper\" data-source=\"gallery\" style=\"visibility:hidden;background:transparent;padding:0;\">\n\t\t\t\t<rs-module id=\"rev_slider_2_1\" style=\"\" data-version=\"6.5.9\">\n\t\t\t\t\t<rs-slides>\n\t\t\t\t\t\t<rs-slide style=\"position: absolute;\" data-key=\"rs-4\" data-title=\"Slide\" data-in=\"o:0;\" data-out=\"a:false;\">\n\t\t\t\t\t\t\t<img alt=\"0P5A6219\" src=\"\/\/www.beimex.com.tr\/wp-content\/plugins\/revslider\/public\/assets\/assets\/dummy.png\" title=\"0P5A6344s\" width=\"2560\" height=\"1279\" class=\"rev-slidebg tp-rs-img rs-lazyload\" data-lazyload=\"\/\/www.beimex.com.tr\/wp-content\/uploads\/2022\/05\/0P5A6344s.jpg\" data-no-retina>\n<!---->\t\t\t\t\t\t<\/rs-slide>\n\t\t\t\t\t<\/rs-slides>\n\t\t\t\t<\/rs-module>\n\t\t\t\t<script type=\"text\/javascript\">\n\t\t\t\t\tsetREVStartSize({c: 'rev_slider_2_1',rl:[1240,1024,778,480],el:[900],gw:[1240],gh:[900],type:'hero',justify:'',layout:'fullscreen',offsetContainer:'',offset:'',mh:\"0\"});if (window.RS_MODULES!==undefined && window.RS_MODULES.modules!==undefined && window.RS_MODULES.modules[\"revslider21\"]!==undefined) {window.RS_MODULES.modules[\"revslider21\"].once = false;window.revapi2 = undefined;if (window.RS_MODULES.checkMinimal!==undefined) window.RS_MODULES.checkMinimal()}\n\t\t\t\t<\/script>\n\t\t\t<\/rs-module-wrap>\n\t\t\t<!-- END REVOLUTION SLIDER -->\n[\/vc_column][\/vc_row][vc_row disable_element=&#8221;yes&#8221;][vc_column][vc_single_image image=&#8221;248&#8243;][\/vc_column][\/vc_row][vc_row css=&#8221;.vc_custom_1694521647324{padding-top: 20px !important;padding-right: 20px !important;padding-bottom: 20px !important;padding-left: 20px !important;}&#8221;][vc_column][vc_column_text]\u015eirketimiz Beimex Ltd., kuruldu\u011fu 1980 y\u0131l\u0131ndan itibaren K\u0131br\u0131s T\u00fcrk toplumunun ilk ve en geni\u015f \u00fcr\u00fcn Portf\u00f6y\u00fcne sahip dondurulmu\u015f g\u0131da ithalat\u00e7\u0131s\u0131 olarak hizmet vermektedir.<\/p>\n<p>Ana faaliyetimiz dondurulmu\u015f ve so\u011futulmu\u015f g\u0131da \u00fcr\u00fcnlerinin ithalat\u0131, depolamas\u0131 ve da\u011f\u0131t\u0131m\u0131 ile K\u0131br\u0131s\u2019\u0131n kuzey kesiminde genelinde t\u00fcm perakende sat\u0131\u015f noktalar\u0131, restoran ve otel gibi toplu diyecek\/ i\u00e7ecek sekt\u00f6r\u00fcn\u00fcn (HoReCa) t\u00fcm tesisleriyle \u00e7al\u0131\u015fmaktay\u0131z.<\/p>\n<p>M\u00fc\u015fterilerimize hep daha iyi hizmet sa\u011flayarak, kaliteli ve g\u00fcvenli \u00fcr\u00fcnleri tedarik ederek ve s\u00fcrekli geli\u015fip b\u00fcy\u00fcmeyi hedefleyen \u015firketimiz 40 y\u0131l\u0131 a\u015fk\u0131n s\u00fcredir bu amac\u0131na ula\u015fmak i\u00e7in \u00e7al\u0131\u015fmaktad\u0131r. Kendi alan\u0131nda d\u00fcnyan\u0131n en iyi markalar\u0131n\u0131 m\u00fc\u015fterilerimizle bulu\u015fturman\u0131n ve ISO 9001 Kalite Y\u00f6netim Sistemi, ISO 22000 G\u0131da G\u00fcvenli\u011fi Sistemi belgeleri ile hizmet vermenin gururunu ta\u015f\u0131yoruz.<\/p>\n<div class=\"vc_row wpb_row vc_row-fluid\">\n<div class=\"wpb_column vc_column_container vc_col-sm-12\">\n<div class=\"vc_column-inner\">\n<div class=\"wpb_wrapper\">\n<h2 class=\"vc_custom_heading vc_custom_1652299983820\">Faaliyetlerimiz<\/h2>\n<p>Firmam\u0131z bug\u00fcn Borda markas\u0131n\u0131n yan\u0131 s\u0131ra, ithal etti\u011fi d\u00fcnya markalar\u0131 ile, perakende ve HoReCa kanal\u0131ndaki 200\u2019\u00fc a\u015fk\u0131n \u00fcr\u00fcn \u00e7e\u015fidiyle dondurulmu\u015f g\u0131da pazar\u0131n\u0131n en zengin \u00fcr\u00fcn yelpazesine sahip \u015firketi konumundad\u0131r. Toplu t\u00fcketim ve perakende kanal\u0131nda \u00e7e\u015fitli dondurulmu\u015f \u00fcr\u00fcne sahip olan \u015firketimiz, \u00fcretimin hammadde se\u00e7iminden son t\u00fcketiciye ula\u015fana kadar her a\u015famas\u0131n\u0131 titizlikle ele al\u0131r.<\/p>\n<div class=\"wpb_text_column wpb_content_element \">\n<div class=\"wpb_wrapper\">\n<p>T\u00fcm \u00fcr\u00fcnlerin son t\u00fcketiciye kadar, en sa\u011fl\u0131kl\u0131, en titiz koruma y\u00f6ntemleriyle ula\u015ft\u0131rmas\u0131, tedarikin her ad\u0131m\u0131nda so\u011fuk zincirin k\u0131r\u0131lmadan ger\u00e7ekle\u015ftirilmesi, \u00fcretim standartlar\u0131 ve \u00fcr\u00fcn kalitesi ile t\u00fcketicisinin tercihi olan Beimex Ltd, horeca sekt\u00f6r\u00fcndeki otel, restoran vb toplu g\u0131da servisi veren i\u015fletmelere \u00fcst\u00fcn kalite \u00fcr\u00fcn tedarik etmektedir.<\/p>\n<p>Borda markam\u0131zla, ailelere, \u00f6zellikle de \u00e7ocuklara sebze ve deniz \u00fcr\u00fcnlerini sevdirerek toplumumuzda sa\u011fl\u0131kl\u0131 t\u00fcketim al\u0131\u015fkanl\u0131klar\u0131n\u0131n kazan\u0131lmas\u0131nda katk\u0131 sa\u011flamaya \u00e7al\u0131\u015fmaktay\u0131z. Do\u011fal, sa\u011fl\u0131kl\u0131 ve lezzetli \u00fcr\u00fcnleriyle t\u00fcketicilerinin tam g\u00fcvenini kazanarak dondurulmu\u015f g\u0131da \u00fcr\u00fcnlerini ailelere hasad\u0131n \u2018ilk dakikalar\u0131ndaki\u2019 tazeli\u011fiyle ula\u015ft\u0131rmaya devam ediyoruz. Dondurulmu\u015f \u00fcr\u00fcnlerimizde hi\u00e7bir katk\u0131 ve koruyucu madde kullan\u0131lmaz.<\/p>\n<\/div>\n<\/div>\n<\/div>\n<\/div>\n<\/div>\n<\/div>\n[\/vc_column_text][\/vc_column][\/vc_row][vc_row][vc_column]<div class=\"vcex-image-grid-wrap wpex-clr\"><div class=\"vcex-module vcex-image-grid wpex-clr grid-style-default wpex-row wpex-lightbox-group\"><div class=\"id-354 vcex-image-grid-entry vcex-grid-item textcenter span_1_of_4 col col-1\"><figure class=\"vcex-image-grid-entry-figure wpex-last-mb-0 wpex-clr\"><div class=\"vcex-image-grid-entry-img entry-media wpex-mb-20\"><a href=\"https:\/\/www.beimex.com.tr\/wp-content\/uploads\/2022\/05\/0P5A6095.jpg\" class=\"vcex-image-grid-entry-img wpex-lightbox-group-item\" ><img width=\"800\" height=\"533\" src=\"https:\/\/www.beimex.com.tr\/wp-content\/uploads\/2022\/05\/0P5A6095.jpg\" class=\"wpex-align-middle\" alt=\"0P5A6095\" decoding=\"async\" loading=\"lazy\" srcset=\"https:\/\/www.beimex.com.tr\/wp-content\/uploads\/2022\/05\/0P5A6095.jpg 800w, https:\/\/www.beimex.com.tr\/wp-content\/uploads\/2022\/05\/0P5A6095-300x200.jpg 300w, https:\/\/www.beimex.com.tr\/wp-content\/uploads\/2022\/05\/0P5A6095-768x512.jpg 768w\" sizes=\"(max-width: 800px) 100vw, 800px\" title=\"0P5A6095\" \/><\/a><\/div><\/figure><\/div><div class=\"id-352 vcex-image-grid-entry vcex-grid-item textcenter span_1_of_4 col col-2\"><figure class=\"vcex-image-grid-entry-figure wpex-last-mb-0 wpex-clr\"><div class=\"vcex-image-grid-entry-img entry-media wpex-mb-20\"><a href=\"https:\/\/www.beimex.com.tr\/wp-content\/uploads\/2022\/05\/0P5A6084.jpg\" class=\"vcex-image-grid-entry-img wpex-lightbox-group-item\" ><img width=\"800\" height=\"533\" src=\"https:\/\/www.beimex.com.tr\/wp-content\/uploads\/2022\/05\/0P5A6084.jpg\" class=\"wpex-align-middle\" alt=\"0P5A6084\" decoding=\"async\" loading=\"lazy\" srcset=\"https:\/\/www.beimex.com.tr\/wp-content\/uploads\/2022\/05\/0P5A6084.jpg 800w, https:\/\/www.beimex.com.tr\/wp-content\/uploads\/2022\/05\/0P5A6084-300x200.jpg 300w, https:\/\/www.beimex.com.tr\/wp-content\/uploads\/2022\/05\/0P5A6084-768x512.jpg 768w\" sizes=\"(max-width: 800px) 100vw, 800px\" title=\"0P5A6084\" \/><\/a><\/div><\/figure><\/div><div class=\"id-350 vcex-image-grid-entry vcex-grid-item textcenter span_1_of_4 col col-3\"><figure class=\"vcex-image-grid-entry-figure wpex-last-mb-0 wpex-clr\"><div class=\"vcex-image-grid-entry-img entry-media wpex-mb-20\"><a href=\"https:\/\/www.beimex.com.tr\/wp-content\/uploads\/2022\/05\/0P5A6505-1.jpg\" class=\"vcex-image-grid-entry-img wpex-lightbox-group-item\" ><img width=\"800\" height=\"533\" src=\"https:\/\/www.beimex.com.tr\/wp-content\/uploads\/2022\/05\/0P5A6505-1.jpg\" class=\"wpex-align-middle\" alt=\"0P5A6505\" decoding=\"async\" loading=\"lazy\" srcset=\"https:\/\/www.beimex.com.tr\/wp-content\/uploads\/2022\/05\/0P5A6505-1.jpg 800w, https:\/\/www.beimex.com.tr\/wp-content\/uploads\/2022\/05\/0P5A6505-1-300x200.jpg 300w, https:\/\/www.beimex.com.tr\/wp-content\/uploads\/2022\/05\/0P5A6505-1-768x512.jpg 768w\" sizes=\"(max-width: 800px) 100vw, 800px\" title=\"0P5A6505\" \/><\/a><\/div><\/figure><\/div><div class=\"id-348 vcex-image-grid-entry vcex-grid-item textcenter span_1_of_4 col col-4\"><figure class=\"vcex-image-grid-entry-figure wpex-last-mb-0 wpex-clr\"><div class=\"vcex-image-grid-entry-img entry-media wpex-mb-20\"><a href=\"https:\/\/www.beimex.com.tr\/wp-content\/uploads\/2022\/05\/0P5A6518-1.jpg\" class=\"vcex-image-grid-entry-img wpex-lightbox-group-item\" ><img width=\"800\" height=\"533\" src=\"https:\/\/www.beimex.com.tr\/wp-content\/uploads\/2022\/05\/0P5A6518-1.jpg\" class=\"wpex-align-middle\" alt=\"0P5A6518\" decoding=\"async\" loading=\"lazy\" srcset=\"https:\/\/www.beimex.com.tr\/wp-content\/uploads\/2022\/05\/0P5A6518-1.jpg 800w, https:\/\/www.beimex.com.tr\/wp-content\/uploads\/2022\/05\/0P5A6518-1-300x200.jpg 300w, https:\/\/www.beimex.com.tr\/wp-content\/uploads\/2022\/05\/0P5A6518-1-768x512.jpg 768w\" sizes=\"(max-width: 800px) 100vw, 800px\" title=\"0P5A6518\" \/><\/a><\/div><\/figure><\/div><div class=\"id-346 vcex-image-grid-entry vcex-grid-item textcenter span_1_of_4 col col-1\"><figure class=\"vcex-image-grid-entry-figure wpex-last-mb-0 wpex-clr\"><div class=\"vcex-image-grid-entry-img entry-media wpex-mb-20\"><a href=\"https:\/\/www.beimex.com.tr\/wp-content\/uploads\/2022\/05\/0P5A6193.jpg\" class=\"vcex-image-grid-entry-img wpex-lightbox-group-item\" ><img width=\"800\" height=\"533\" src=\"https:\/\/www.beimex.com.tr\/wp-content\/uploads\/2022\/05\/0P5A6193.jpg\" class=\"wpex-align-middle\" alt=\"0P5A6193\" decoding=\"async\" loading=\"lazy\" srcset=\"https:\/\/www.beimex.com.tr\/wp-content\/uploads\/2022\/05\/0P5A6193.jpg 800w, https:\/\/www.beimex.com.tr\/wp-content\/uploads\/2022\/05\/0P5A6193-300x200.jpg 300w, https:\/\/www.beimex.com.tr\/wp-content\/uploads\/2022\/05\/0P5A6193-768x512.jpg 768w\" sizes=\"(max-width: 800px) 100vw, 800px\" title=\"0P5A6193\" \/><\/a><\/div><\/figure><\/div><div class=\"id-308 vcex-image-grid-entry vcex-grid-item textcenter span_1_of_4 col col-2\"><figure class=\"vcex-image-grid-entry-figure wpex-last-mb-0 wpex-clr\"><div class=\"vcex-image-grid-entry-img entry-media wpex-mb-20\"><a href=\"https:\/\/www.beimex.com.tr\/wp-content\/uploads\/2022\/05\/0P5A6219.jpg\" class=\"vcex-image-grid-entry-img wpex-lightbox-group-item\" ><img width=\"800\" height=\"533\" src=\"https:\/\/www.beimex.com.tr\/wp-content\/uploads\/2022\/05\/0P5A6219.jpg\" class=\"wpex-align-middle\" alt=\"0P5A6219\" decoding=\"async\" loading=\"lazy\" srcset=\"https:\/\/www.beimex.com.tr\/wp-content\/uploads\/2022\/05\/0P5A6219.jpg 800w, https:\/\/www.beimex.com.tr\/wp-content\/uploads\/2022\/05\/0P5A6219-300x200.jpg 300w, https:\/\/www.beimex.com.tr\/wp-content\/uploads\/2022\/05\/0P5A6219-768x512.jpg 768w\" sizes=\"(max-width: 800px) 100vw, 800px\" title=\"0P5A6219\" \/><\/a><\/div><\/figure><\/div><\/div><\/div>[\/vc_column][\/vc_row][vc_row][vc_column]<h3 class=\"vcex-heading vcex-module wpex-text-2xl wpex-font-normal wpex-m-auto wpex-max-w-100 vcex-heading-side-border wpex-flex wpex-items-center wpex-text-center\" style=\"font-weight:900;border-bottom-color:#c79340;\"><span class=\"vcex-heading-side-border wpex-flex-grow wpex-h-0 wpex-border-solid wpex-border-gray-900 wpex-border-b-3 wpex-mr-15\" style=\"border-color:#c79340;\"><\/span><span class=\"vcex-heading-inner wpex-inline-block wpex-clr\">MARKALARIMIZ<\/span><span class=\"vcex-heading-side-border wpex-flex-grow wpex-h-0 wpex-border-solid wpex-border-gray-900 wpex-ml-15 wpex-border-b-3\" style=\"border-color:#c79340;\"><\/span><\/h3>[vc_column_text]<p>[vc_row][vc_column]<\/p>\n<div class=\"vcex-image-grid-wrap wpex-clr\">\n<div class=\"vcex-module vcex-image-grid wpex-clr grid-style-default wpex-row\">\n<div class=\"id-378 vcex-image-grid-entry vcex-grid-item textcenter span_1_of_6 col col-1\">\n<figure class=\"vcex-image-grid-entry-figure wpex-last-mb-0 wpex-clr\">\n<div class=\"vcex-image-grid-entry-img entry-media wpex-mb-20\"><img width=\"520\" height=\"520\" src=\"https:\/\/www.beimex.com.tr\/wp-content\/uploads\/2022\/05\/salomon-foodworld-1.jpg\" class=\"wpex-align-middle\" alt=\"Markalar\u0131m\u0131z\" decoding=\"async\" loading=\"lazy\" srcset=\"https:\/\/www.beimex.com.tr\/wp-content\/uploads\/2022\/05\/salomon-foodworld-1.jpg 520w, https:\/\/www.beimex.com.tr\/wp-content\/uploads\/2022\/05\/salomon-foodworld-1-300x300.jpg 300w, https:\/\/www.beimex.com.tr\/wp-content\/uploads\/2022\/05\/salomon-foodworld-1-150x150.jpg 150w\" sizes=\"(max-width: 520px) 100vw, 520px\" title=\"Markalar\u0131m\u0131z\" \/><\/div>\n<\/figure>\n<\/div>\n<div class=\"id-380 vcex-image-grid-entry vcex-grid-item textcenter span_1_of_6 col col-2\">\n<figure class=\"vcex-image-grid-entry-figure wpex-last-mb-0 wpex-clr\">\n<div class=\"vcex-image-grid-entry-img entry-media wpex-mb-20\"><img width=\"225\" height=\"225\" src=\"https:\/\/www.beimex.com.tr\/wp-content\/uploads\/2022\/05\/indir-1.jpg\" class=\"wpex-align-middle\" alt=\"Markalar\u0131m\u0131z\" decoding=\"async\" loading=\"lazy\" srcset=\"https:\/\/www.beimex.com.tr\/wp-content\/uploads\/2022\/05\/indir-1.jpg 225w, https:\/\/www.beimex.com.tr\/wp-content\/uploads\/2022\/05\/indir-1-150x150.jpg 150w\" sizes=\"(max-width: 225px) 100vw, 225px\" title=\"Markalar\u0131m\u0131z\" \/><\/div>\n<\/figure>\n<\/div>\n<div class=\"id-384 vcex-image-grid-entry vcex-grid-item textcenter span_1_of_6 col col-3\">\n<figure class=\"vcex-image-grid-entry-figure wpex-last-mb-0 wpex-clr\">\n<div class=\"vcex-image-grid-entry-img entry-media wpex-mb-20\"><img width=\"600\" height=\"600\" src=\"https:\/\/www.beimex.com.tr\/wp-content\/uploads\/2022\/05\/leroy-1.jpg\" class=\"wpex-align-middle\" alt=\"Markalar\u0131m\u0131z\" decoding=\"async\" loading=\"lazy\" srcset=\"https:\/\/www.beimex.com.tr\/wp-content\/uploads\/2022\/05\/leroy-1.jpg 600w, https:\/\/www.beimex.com.tr\/wp-content\/uploads\/2022\/05\/leroy-1-300x300.jpg 300w, https:\/\/www.beimex.com.tr\/wp-content\/uploads\/2022\/05\/leroy-1-150x150.jpg 150w\" sizes=\"(max-width: 600px) 100vw, 600px\" title=\"Markalar\u0131m\u0131z\" \/><\/div>\n<\/figure>\n<\/div>\n<div class=\"id-386 vcex-image-grid-entry vcex-grid-item textcenter span_1_of_6 col col-4\">\n<figure class=\"vcex-image-grid-entry-figure wpex-last-mb-0 wpex-clr\">\n<div class=\"vcex-image-grid-entry-img entry-media wpex-mb-20\"><img width=\"600\" height=\"600\" src=\"https:\/\/www.beimex.com.tr\/wp-content\/uploads\/2022\/05\/Logo_VION-FoodGroup-1.jpg\" class=\"wpex-align-middle\" alt=\"Markalar\u0131m\u0131z\" decoding=\"async\" loading=\"lazy\" srcset=\"https:\/\/www.beimex.com.tr\/wp-content\/uploads\/2022\/05\/Logo_VION-FoodGroup-1.jpg 600w, https:\/\/www.beimex.com.tr\/wp-content\/uploads\/2022\/05\/Logo_VION-FoodGroup-1-300x300.jpg 300w, https:\/\/www.beimex.com.tr\/wp-content\/uploads\/2022\/05\/Logo_VION-FoodGroup-1-150x150.jpg 150w\" sizes=\"(max-width: 600px) 100vw, 600px\" title=\"Markalar\u0131m\u0131z\" \/><\/div>\n<\/figure>\n<\/div>\n<div class=\"id-388 vcex-image-grid-entry vcex-grid-item textcenter span_1_of_6 col col-5\">\n<figure class=\"vcex-image-grid-entry-figure wpex-last-mb-0 wpex-clr\">\n<div class=\"vcex-image-grid-entry-img entry-media wpex-mb-20\"><img width=\"410\" height=\"410\" src=\"https:\/\/www.beimex.com.tr\/wp-content\/uploads\/2022\/05\/logo-iglo-group-1.png\" class=\"wpex-align-middle\" alt=\"Markalar\u0131m\u0131z\" decoding=\"async\" loading=\"lazy\" srcset=\"https:\/\/www.beimex.com.tr\/wp-content\/uploads\/2022\/05\/logo-iglo-group-1.png 410w, https:\/\/www.beimex.com.tr\/wp-content\/uploads\/2022\/05\/logo-iglo-group-1-300x300.png 300w, https:\/\/www.beimex.com.tr\/wp-content\/uploads\/2022\/05\/logo-iglo-group-1-150x150.png 150w\" sizes=\"(max-width: 410px) 100vw, 410px\" title=\"Markalar\u0131m\u0131z\" \/><\/div>\n<\/figure>\n<\/div>\n<div class=\"id-390 vcex-image-grid-entry vcex-grid-item textcenter span_1_of_6 col col-6\">\n<figure class=\"vcex-image-grid-entry-figure wpex-last-mb-0 wpex-clr\">\n<div class=\"vcex-image-grid-entry-img entry-media wpex-mb-20\"><img width=\"520\" height=\"520\" src=\"https:\/\/www.beimex.com.tr\/wp-content\/uploads\/2022\/05\/oerlemans-logo-1.jpg\" class=\"wpex-align-middle\" alt=\"Markalar\u0131m\u0131z\" decoding=\"async\" loading=\"lazy\" srcset=\"https:\/\/www.beimex.com.tr\/wp-content\/uploads\/2022\/05\/oerlemans-logo-1.jpg 520w, https:\/\/www.beimex.com.tr\/wp-content\/uploads\/2022\/05\/oerlemans-logo-1-300x300.jpg 300w, https:\/\/www.beimex.com.tr\/wp-content\/uploads\/2022\/05\/oerlemans-logo-1-150x150.jpg 150w\" sizes=\"(max-width: 520px) 100vw, 520px\" title=\"Markalar\u0131m\u0131z\" \/><\/div>\n<\/figure>\n<\/div>\n<div class=\"id-456 vcex-image-grid-entry vcex-grid-item textcenter span_1_of_6 col col-1\">\n<figure class=\"vcex-image-grid-entry-figure wpex-last-mb-0 wpex-clr\">\n<div class=\"vcex-image-grid-entry-img entry-media wpex-mb-20\"><img width=\"600\" height=\"600\" src=\"https:\/\/www.beimex.com.tr\/wp-content\/uploads\/2022\/06\/BORDA.png\" class=\"wpex-align-middle\" alt=\"Markalar\u0131m\u0131z\" decoding=\"async\" loading=\"lazy\" srcset=\"https:\/\/www.beimex.com.tr\/wp-content\/uploads\/2022\/06\/BORDA.png 600w, https:\/\/www.beimex.com.tr\/wp-content\/uploads\/2022\/06\/BORDA-300x300.png 300w, https:\/\/www.beimex.com.tr\/wp-content\/uploads\/2022\/06\/BORDA-150x150.png 150w\" sizes=\"(max-width: 600px) 100vw, 600px\" title=\"Markalar\u0131m\u0131z\" \/><\/div>\n<\/figure>\n<\/div>\n<div class=\"id-497 vcex-image-grid-entry vcex-grid-item textcenter span_1_of_6 col col-2\">\n<figure class=\"vcex-image-grid-entry-figure wpex-last-mb-0 wpex-clr\">\n<div class=\"vcex-image-grid-entry-img entry-media wpex-mb-20\"><img width=\"600\" height=\"600\" src=\"https:\/\/www.beimex.com.tr\/wp-content\/uploads\/2023\/08\/eren-manti-1.jpg\" class=\"wpex-align-middle\" alt=\"Markalar\u0131m\u0131z\" decoding=\"async\" loading=\"lazy\" srcset=\"https:\/\/www.beimex.com.tr\/wp-content\/uploads\/2023\/08\/eren-manti-1.jpg 600w, https:\/\/www.beimex.com.tr\/wp-content\/uploads\/2023\/08\/eren-manti-1-300x300.jpg 300w, https:\/\/www.beimex.com.tr\/wp-content\/uploads\/2023\/08\/eren-manti-1-150x150.jpg 150w, https:\/\/www.beimex.com.tr\/wp-content\/uploads\/2023\/08\/eren-manti-1-100x100.jpg 100w\" sizes=\"(max-width: 600px) 100vw, 600px\" title=\"Markalar\u0131m\u0131z\" \/><\/div>\n<\/figure>\n<\/div>\n<div class=\"id-503 vcex-image-grid-entry vcex-grid-item textcenter span_1_of_6 col col-3\">\n<figure class=\"vcex-image-grid-entry-figure wpex-last-mb-0 wpex-clr\">\n<div class=\"vcex-image-grid-entry-img entry-media wpex-mb-20\"><img width=\"350\" height=\"350\" src=\"https:\/\/www.beimex.com.tr\/wp-content\/uploads\/2023\/08\/masfrost-2.jpg\" class=\"wpex-align-middle\" alt=\"Markalar\u0131m\u0131z\" decoding=\"async\" loading=\"lazy\" srcset=\"https:\/\/www.beimex.com.tr\/wp-content\/uploads\/2023\/08\/masfrost-2.jpg 350w, https:\/\/www.beimex.com.tr\/wp-content\/uploads\/2023\/08\/masfrost-2-300x300.jpg 300w, https:\/\/www.beimex.com.tr\/wp-content\/uploads\/2023\/08\/masfrost-2-150x150.jpg 150w, https:\/\/www.beimex.com.tr\/wp-content\/uploads\/2023\/08\/masfrost-2-100x100.jpg 100w\" sizes=\"(max-width: 350px) 100vw, 350px\" title=\"Markalar\u0131m\u0131z\" \/><\/div>\n<\/figure>\n<\/div>\n<div class=\"id-582 vcex-image-grid-entry vcex-grid-item textcenter span_1_of_6 col col-4\">\n<figure class=\"vcex-image-grid-entry-figure wpex-last-mb-0 wpex-clr\">\n<div class=\"vcex-image-grid-entry-img entry-media wpex-mb-20\"><img width=\"400\" height=\"400\" src=\"https:\/\/www.beimex.com.tr\/wp-content\/uploads\/2023\/09\/flanders.jpg\" class=\"wpex-align-middle\" alt=\"Markalar\u0131m\u0131z\" decoding=\"async\" loading=\"lazy\" srcset=\"https:\/\/www.beimex.com.tr\/wp-content\/uploads\/2023\/09\/flanders.jpg 400w, https:\/\/www.beimex.com.tr\/wp-content\/uploads\/2023\/09\/flanders-300x300.jpg 300w, https:\/\/www.beimex.com.tr\/wp-content\/uploads\/2023\/09\/flanders-150x150.jpg 150w, https:\/\/www.beimex.com.tr\/wp-content\/uploads\/2023\/09\/flanders-100x100.jpg 100w\" sizes=\"(max-width: 400px) 100vw, 400px\" title=\"Markalar\u0131m\u0131z\" \/><\/div>\n<\/figure>\n<\/div>\n<div class=\"id-584 vcex-image-grid-entry vcex-grid-item textcenter span_1_of_6 col col-5\">\n<figure class=\"vcex-image-grid-entry-figure wpex-last-mb-0 wpex-clr\">\n<div class=\"vcex-image-grid-entry-img entry-media wpex-mb-20\"><img width=\"350\" height=\"350\" src=\"https:\/\/www.beimex.com.tr\/wp-content\/uploads\/2023\/09\/greenland.jpg\" class=\"wpex-align-middle\" alt=\"Markalar\u0131m\u0131z\" decoding=\"async\" loading=\"lazy\" srcset=\"https:\/\/www.beimex.com.tr\/wp-content\/uploads\/2023\/09\/greenland.jpg 350w, https:\/\/www.beimex.com.tr\/wp-content\/uploads\/2023\/09\/greenland-300x300.jpg 300w, https:\/\/www.beimex.com.tr\/wp-content\/uploads\/2023\/09\/greenland-150x150.jpg 150w, https:\/\/www.beimex.com.tr\/wp-content\/uploads\/2023\/09\/greenland-100x100.jpg 100w\" sizes=\"(max-width: 350px) 100vw, 350px\" title=\"Markalar\u0131m\u0131z\" \/><\/div>\n<\/figure>\n<\/div>\n<\/div>\n<\/div>\n<p>[\/vc_column][\/vc_row]<\/p>\n[\/vc_column_text][\/vc_column][\/vc_row]\n","protected":false},"excerpt":{"rendered":"<p>[vc_row][vc_column][\/vc_column][\/vc_row][vc_row disable_element=&#8221;yes&#8221;][vc_column][vc_single_image image=&#8221;248&#8243;][\/vc_column][\/vc_row][vc_row css=&#8221;.vc_custom_1694521647324{padding-top: 20px !important;padding-right: 20px !important;padding-bottom: 20px !important;padding-left: 20px !important;}&#8221;][vc_column][vc_column_text]\u015eirketimiz Beimex Ltd., kuruldu\u011fu 1980 y\u0131l\u0131ndan itibaren K\u0131br\u0131s T\u00fcrk toplumunun ilk ve en geni\u015f \u00fcr\u00fcn Portf\u00f6y\u00fcne sahip dondurulmu\u015f g\u0131da ithalat\u00e7\u0131s\u0131 olarak hizmet vermektedir. Ana faaliyetimiz dondurulmu\u015f ve so\u011futulmu\u015f g\u0131da \u00fcr\u00fcnlerinin ithalat\u0131, depolamas\u0131 ve da\u011f\u0131t\u0131m\u0131 ile K\u0131br\u0131s\u2019\u0131n kuzey kesiminde genelinde t\u00fcm perakende sat\u0131\u015f noktalar\u0131, restoran&hellip;<\/p>\n","protected":false},"author":1,"featured_media":0,"parent":0,"menu_order":0,"comment_status":"closed","ping_status":"closed","template":"","meta":[],"_links":{"self":[{"href":"https:\/\/www.beimex.com.tr\/tr\/wp-json\/wp\/v2\/pages\/247"}],"collection":[{"href":"https:\/\/www.beimex.com.tr\/tr\/wp-json\/wp\/v2\/pages"}],"about":[{"href":"https:\/\/www.beimex.com.tr\/tr\/wp-json\/wp\/v2\/types\/page"}],"author":[{"embeddable":true,"href":"https:\/\/www.beimex.com.tr\/tr\/wp-json\/wp\/v2\/users\/1"}],"replies":[{"embeddable":true,"href":"https:\/\/www.beimex.com.tr\/tr\/wp-json\/wp\/v2\/comments?post=247"}],"version-history":[{"count":20,"href":"https:\/\/www.beimex.com.tr\/tr\/wp-json\/wp\/v2\/pages\/247\/revisions"}],"predecessor-version":[{"id":591,"href":"https:\/\/www.beimex.com.tr\/tr\/wp-json\/wp\/v2\/pages\/247\/revisions\/591"}],"wp:attachment":[{"href":"https:\/\/www.beimex.com.tr\/tr\/wp-json\/wp\/v2\/media?parent=247"}],"curies":[{"name":"wp","href":"https:\/\/api.w.org\/{rel}","templated":true}]}}