{"id":252,"date":"2022-05-16T23:15:46","date_gmt":"2022-05-16T21:15:46","guid":{"rendered":"https:\/\/beimex.com.tr\/?page_id=252"},"modified":"2023-08-29T16:29:17","modified_gmt":"2023-08-29T14:29:17","slug":"yonetim","status":"publish","type":"page","link":"https:\/\/www.beimex.com.tr\/tr\/yonetim\/","title":{"rendered":"Y\u00f6netim"},"content":{"rendered":"[vc_row][vc_column width=&#8221;1\/4&#8243;][vc_single_image image=&#8221;289&#8243;][vc_empty_space height=&#8221;20px&#8221;][vc_column_text]\n<h6 style=\"text-align: center;\"><strong>Ali Alibe\u015firo\u011flu<\/strong><\/h6>\n<h6 style=\"text-align: center;\">Kurucu Direkt\u00f6r<\/h6>\n[\/vc_column_text][\/vc_column][vc_column width=&#8221;1\/4&#8243;][vc_single_image image=&#8221;301&#8243;][vc_empty_space height=&#8221;20px&#8221;][vc_column_text]\n<h6 style=\"text-align: center;\"><strong>Saadet Alibe\u015firo\u011flu<\/strong><\/h6>\n<h6 style=\"text-align: center;\">Muhasebe Koordinat\u00f6r\u00fc<\/h6>\n[\/vc_column_text][\/vc_column][vc_column width=&#8221;1\/4&#8243;][vc_single_image image=&#8221;291&#8243;][vc_empty_space height=&#8221;20px&#8221;][vc_column_text]\n<h6 style=\"text-align: center;\"><strong>Aydan Alibe\u015firo\u011flu<\/strong><\/h6>\n<h6 style=\"text-align: center;\">Kalite Y\u00f6netim ve<br \/>\nG\u0131da G\u00fcvenli\u011fi Ekip Lideri<\/h6>\n[\/vc_column_text][\/vc_column][vc_column width=&#8221;1\/4&#8243;][vc_single_image image=&#8221;303&#8243;][vc_empty_space height=&#8221;20px&#8221;][vc_column_text]\n<h6 style=\"text-align: center;\"><strong>Seda Alibe\u015firo\u011flu<\/strong><\/h6>\n<h6 style=\"text-align: center;\">Finans Koordinat\u00f6r\u00fc<\/h6>\n[\/vc_column_text][\/vc_column][\/vc_row][vc_row][vc_column width=&#8221;1\/4&#8243;][vc_single_image image=&#8221;297&#8243;][vc_empty_space height=&#8221;20px&#8221;][vc_column_text]\n<h6 style=\"text-align: center;\"><strong>Mustafa I\u015f\u0131k<\/strong><\/h6>\n<h6 style=\"text-align: center;\">Depo ve Sevkiyat \u015eefi<\/h6>\n[\/vc_column_text][\/vc_column][vc_column width=&#8221;1\/4&#8243;][vc_single_image image=&#8221;295&#8243;][vc_empty_space height=&#8221;20px&#8221;][vc_column_text]\n<h6 style=\"text-align: center;\"><strong>\u0130pek M\u0131s\u0131rl\u0131soy<\/strong><\/h6>\n<h6 style=\"text-align: center;\">Muhasebe Eleman\u0131<\/h6>\n[\/vc_column_text][\/vc_column][vc_column width=&#8221;1\/4&#8243;][vc_single_image image=&#8221;287&#8243;][vc_empty_space height=&#8221;20px&#8221;][vc_column_text]\n<h6 style=\"text-align: center;\"><strong>Umut Bolatcan<\/strong><\/h6>\n<h6 style=\"text-align: center;\">\u0130thalat Koordinat\u00f6r\u00fc<\/h6>\n[\/vc_column_text][\/vc_column][vc_column width=&#8221;1\/4&#8243;][vc_single_image image=&#8221;299&#8243;][vc_empty_space height=&#8221;20px&#8221;][vc_column_text]\n<h6 style=\"text-align: center;\"><strong>Polat Ar\u0131can<\/strong><\/h6>\n<h6 style=\"text-align: center;\">Horeca Sat\u0131\u015f M\u00fcd\u00fcr\u00fc<\/h6>\n[\/vc_column_text][\/vc_column][\/vc_row]\n","protected":false},"excerpt":{"rendered":"<p>[vc_row][vc_column width=&#8221;1\/4&#8243;][vc_single_image image=&#8221;289&#8243;][vc_empty_space height=&#8221;20px&#8221;][vc_column_text] Ali Alibe\u015firo\u011flu Kurucu Direkt\u00f6r [\/vc_column_text][\/vc_column][vc_column width=&#8221;1\/4&#8243;][vc_single_image image=&#8221;301&#8243;][vc_empty_space height=&#8221;20px&#8221;][vc_column_text] Saadet Alibe\u015firo\u011flu Muhasebe Koordinat\u00f6r\u00fc [\/vc_column_text][\/vc_column][vc_column width=&#8221;1\/4&#8243;][vc_single_image image=&#8221;291&#8243;][vc_empty_space height=&#8221;20px&#8221;][vc_column_text] Aydan Alibe\u015firo\u011flu Kalite Y\u00f6netim ve G\u0131da G\u00fcvenli\u011fi Ekip Lideri [\/vc_column_text][\/vc_column][vc_column width=&#8221;1\/4&#8243;][vc_single_image image=&#8221;303&#8243;][vc_empty_space height=&#8221;20px&#8221;][vc_column_text] Seda Alibe\u015firo\u011flu Finans Koordinat\u00f6r\u00fc [\/vc_column_text][\/vc_column][\/vc_row][vc_row][vc_column width=&#8221;1\/4&#8243;][vc_single_image image=&#8221;297&#8243;][vc_empty_space height=&#8221;20px&#8221;][vc_column_text] Mustafa I\u015f\u0131k Depo ve Sevkiyat \u015eefi [\/vc_column_text][\/vc_column][vc_column width=&#8221;1\/4&#8243;][vc_single_image image=&#8221;295&#8243;][vc_empty_space height=&#8221;20px&#8221;][vc_column_text] \u0130pek M\u0131s\u0131rl\u0131soy Muhasebe Eleman\u0131&hellip;<\/p>\n","protected":false},"author":1,"featured_media":0,"parent":0,"menu_order":0,"comment_status":"closed","ping_status":"closed","template":"","meta":[],"_links":{"self":[{"href":"https:\/\/www.beimex.com.tr\/tr\/wp-json\/wp\/v2\/pages\/252"}],"collection":[{"href":"https:\/\/www.beimex.com.tr\/tr\/wp-json\/wp\/v2\/pages"}],"about":[{"href":"https:\/\/www.beimex.com.tr\/tr\/wp-json\/wp\/v2\/types\/page"}],"author":[{"embeddable":true,"href":"https:\/\/www.beimex.com.tr\/tr\/wp-json\/wp\/v2\/users\/1"}],"replies":[{"embeddable":true,"href":"https:\/\/www.beimex.com.tr\/tr\/wp-json\/wp\/v2\/comments?post=252"}],"version-history":[{"count":9,"href":"https:\/\/www.beimex.com.tr\/tr\/wp-json\/wp\/v2\/pages\/252\/revisions"}],"predecessor-version":[{"id":487,"href":"https:\/\/www.beimex.com.tr\/tr\/wp-json\/wp\/v2\/pages\/252\/revisions\/487"}],"wp:attachment":[{"href":"https:\/\/www.beimex.com.tr\/tr\/wp-json\/wp\/v2\/media?parent=252"}],"curies":[{"name":"wp","href":"https:\/\/api.w.org\/{rel}","templated":true}]}}