{"id":525,"date":"2023-08-30T10:55:47","date_gmt":"2023-08-30T08:55:47","guid":{"rendered":"https:\/\/www.beimex.com.tr\/?post_type=product&#038;p=525"},"modified":"2023-08-30T10:56:05","modified_gmt":"2023-08-30T08:56:05","slug":"borda-midye-ic-300g","status":"publish","type":"product","link":"https:\/\/www.beimex.com.tr\/tr\/product\/borda-midye-ic-300g\/","title":{"rendered":"BORDA M\u0130DYE \u0130\u00c7 300g"},"content":{"rendered":null,"protected":false},"excerpt":{"rendered":"","protected":false},"featured_media":0,"template":"","meta":[],"product_cat":[50],"product_tag":[],"_links":{"self":[{"href":"https:\/\/www.beimex.com.tr\/tr\/wp-json\/wp\/v2\/product\/525"}],"collection":[{"href":"https:\/\/www.beimex.com.tr\/tr\/wp-json\/wp\/v2\/product"}],"about":[{"href":"https:\/\/www.beimex.com.tr\/tr\/wp-json\/wp\/v2\/types\/product"}],"wp:attachment":[{"href":"https:\/\/www.beimex.com.tr\/tr\/wp-json\/wp\/v2\/media?parent=525"}],"wp:term":[{"taxonomy":"product_cat","embeddable":true,"href":"https:\/\/www.beimex.com.tr\/tr\/wp-json\/wp\/v2\/product_cat?post=525"},{"taxonomy":"product_tag","embeddable":true,"href":"https:\/\/www.beimex.com.tr\/tr\/wp-json\/wp\/v2\/product_tag?post=525"}],"curies":[{"name":"wp","href":"https:\/\/api.w.org\/{rel}","templated":true}]}}