{"id":526,"date":"2023-08-30T10:56:22","date_gmt":"2023-08-30T08:56:22","guid":{"rendered":"https:\/\/www.beimex.com.tr\/?post_type=product&#038;p=526"},"modified":"2023-08-30T10:56:37","modified_gmt":"2023-08-30T08:56:37","slug":"borda-90-120-karides-b-kabuklu-pismis-500g","status":"publish","type":"product","link":"https:\/\/www.beimex.com.tr\/tr\/product\/borda-90-120-karides-b-kabuklu-pismis-500g\/","title":{"rendered":"BORDA 90\/120 KAR\u0130DES B.KABUKLU P\u0130\u015eM\u0130\u015e 500g"},"content":{"rendered":null,"protected":false},"excerpt":{"rendered":"","protected":false},"featured_media":0,"template":"","meta":[],"product_cat":[35],"product_tag":[],"_links":{"self":[{"href":"https:\/\/www.beimex.com.tr\/tr\/wp-json\/wp\/v2\/product\/526"}],"collection":[{"href":"https:\/\/www.beimex.com.tr\/tr\/wp-json\/wp\/v2\/product"}],"about":[{"href":"https:\/\/www.beimex.com.tr\/tr\/wp-json\/wp\/v2\/types\/product"}],"wp:attachment":[{"href":"https:\/\/www.beimex.com.tr\/tr\/wp-json\/wp\/v2\/media?parent=526"}],"wp:term":[{"taxonomy":"product_cat","embeddable":true,"href":"https:\/\/www.beimex.com.tr\/tr\/wp-json\/wp\/v2\/product_cat?post=526"},{"taxonomy":"product_tag","embeddable":true,"href":"https:\/\/www.beimex.com.tr\/tr\/wp-json\/wp\/v2\/product_tag?post=526"}],"curies":[{"name":"wp","href":"https:\/\/api.w.org\/{rel}","templated":true}]}}