{"id":527,"date":"2023-08-30T10:56:42","date_gmt":"2023-08-30T08:56:42","guid":{"rendered":"https:\/\/www.beimex.com.tr\/?post_type=product&#038;p=527"},"modified":"2023-08-30T10:57:01","modified_gmt":"2023-08-30T08:57:01","slug":"borda-26-30-cig-temiz-karides-400-gr","status":"publish","type":"product","link":"https:\/\/www.beimex.com.tr\/tr\/product\/borda-26-30-cig-temiz-karides-400-gr\/","title":{"rendered":"BORDA 26\/30 \u00c7\u0130\u011e TEM\u0130Z KAR\u0130DES (400 gr)"},"content":{"rendered":null,"protected":false},"excerpt":{"rendered":"","protected":false},"featured_media":0,"template":"","meta":[],"product_cat":[35],"product_tag":[],"_links":{"self":[{"href":"https:\/\/www.beimex.com.tr\/tr\/wp-json\/wp\/v2\/product\/527"}],"collection":[{"href":"https:\/\/www.beimex.com.tr\/tr\/wp-json\/wp\/v2\/product"}],"about":[{"href":"https:\/\/www.beimex.com.tr\/tr\/wp-json\/wp\/v2\/types\/product"}],"wp:attachment":[{"href":"https:\/\/www.beimex.com.tr\/tr\/wp-json\/wp\/v2\/media?parent=527"}],"wp:term":[{"taxonomy":"product_cat","embeddable":true,"href":"https:\/\/www.beimex.com.tr\/tr\/wp-json\/wp\/v2\/product_cat?post=527"},{"taxonomy":"product_tag","embeddable":true,"href":"https:\/\/www.beimex.com.tr\/tr\/wp-json\/wp\/v2\/product_tag?post=527"}],"curies":[{"name":"wp","href":"https:\/\/api.w.org\/{rel}","templated":true}]}}