{"id":549,"date":"2023-08-30T11:53:57","date_gmt":"2023-08-30T09:53:57","guid":{"rendered":"https:\/\/www.beimex.com.tr\/?post_type=product&#038;p=549"},"modified":"2023-08-30T12:13:59","modified_gmt":"2023-08-30T10:13:59","slug":"16-20-bassiz-kabuklu-cig-vannamei","status":"publish","type":"product","link":"https:\/\/www.beimex.com.tr\/tr\/product\/16-20-bassiz-kabuklu-cig-vannamei\/","title":{"rendered":"16\/20 BA\u015eSIZ KABUKLU \u00c7\u0130\u011e VANNAME\u0130"},"content":{"rendered":null,"protected":false},"excerpt":{"rendered":"","protected":false},"featured_media":0,"template":"","meta":[],"product_cat":[35],"product_tag":[],"_links":{"self":[{"href":"https:\/\/www.beimex.com.tr\/tr\/wp-json\/wp\/v2\/product\/549"}],"collection":[{"href":"https:\/\/www.beimex.com.tr\/tr\/wp-json\/wp\/v2\/product"}],"about":[{"href":"https:\/\/www.beimex.com.tr\/tr\/wp-json\/wp\/v2\/types\/product"}],"wp:attachment":[{"href":"https:\/\/www.beimex.com.tr\/tr\/wp-json\/wp\/v2\/media?parent=549"}],"wp:term":[{"taxonomy":"product_cat","embeddable":true,"href":"https:\/\/www.beimex.com.tr\/tr\/wp-json\/wp\/v2\/product_cat?post=549"},{"taxonomy":"product_tag","embeddable":true,"href":"https:\/\/www.beimex.com.tr\/tr\/wp-json\/wp\/v2\/product_tag?post=549"}],"curies":[{"name":"wp","href":"https:\/\/api.w.org\/{rel}","templated":true}]}}