{"id":550,"date":"2023-08-30T11:54:29","date_gmt":"2023-08-30T09:54:29","guid":{"rendered":"https:\/\/www.beimex.com.tr\/?post_type=product&#038;p=550"},"modified":"2023-08-30T12:13:50","modified_gmt":"2023-08-30T10:13:50","slug":"16-20-b-t-butun-kabuklu-cig","status":"publish","type":"product","link":"https:\/\/www.beimex.com.tr\/tr\/product\/16-20-b-t-butun-kabuklu-cig\/","title":{"rendered":"16\/20 B\/T B\u00dcT\u00dcN KABUKLU \u00c7\u0130\u011e"},"content":{"rendered":null,"protected":false},"excerpt":{"rendered":"","protected":false},"featured_media":0,"template":"","meta":[],"product_cat":[35],"product_tag":[],"_links":{"self":[{"href":"https:\/\/www.beimex.com.tr\/tr\/wp-json\/wp\/v2\/product\/550"}],"collection":[{"href":"https:\/\/www.beimex.com.tr\/tr\/wp-json\/wp\/v2\/product"}],"about":[{"href":"https:\/\/www.beimex.com.tr\/tr\/wp-json\/wp\/v2\/types\/product"}],"wp:attachment":[{"href":"https:\/\/www.beimex.com.tr\/tr\/wp-json\/wp\/v2\/media?parent=550"}],"wp:term":[{"taxonomy":"product_cat","embeddable":true,"href":"https:\/\/www.beimex.com.tr\/tr\/wp-json\/wp\/v2\/product_cat?post=550"},{"taxonomy":"product_tag","embeddable":true,"href":"https:\/\/www.beimex.com.tr\/tr\/wp-json\/wp\/v2\/product_tag?post=550"}],"curies":[{"name":"wp","href":"https:\/\/api.w.org\/{rel}","templated":true}]}}