{"id":634,"date":"2023-10-25T14:00:14","date_gmt":"2023-10-25T12:00:14","guid":{"rendered":"https:\/\/www.beimex.com.tr\/?post_type=product&#038;p=634"},"modified":"2023-10-25T14:00:14","modified_gmt":"2023-10-25T12:00:14","slug":"iglo-citir-balik-fileto","status":"publish","type":"product","link":"https:\/\/www.beimex.com.tr\/tr\/product\/iglo-citir-balik-fileto\/","title":{"rendered":"IGLO \u00c7\u0131t\u0131r Bal\u0131k Fileto"},"content":{"rendered":null,"protected":false},"excerpt":{"rendered":"<p>250 g<\/p>\n","protected":false},"featured_media":605,"template":"","meta":[],"product_cat":[57],"product_tag":[],"_links":{"self":[{"href":"https:\/\/www.beimex.com.tr\/tr\/wp-json\/wp\/v2\/product\/634"}],"collection":[{"href":"https:\/\/www.beimex.com.tr\/tr\/wp-json\/wp\/v2\/product"}],"about":[{"href":"https:\/\/www.beimex.com.tr\/tr\/wp-json\/wp\/v2\/types\/product"}],"wp:featuredmedia":[{"embeddable":true,"href":"https:\/\/www.beimex.com.tr\/tr\/wp-json\/wp\/v2\/media\/605"}],"wp:attachment":[{"href":"https:\/\/www.beimex.com.tr\/tr\/wp-json\/wp\/v2\/media?parent=634"}],"wp:term":[{"taxonomy":"product_cat","embeddable":true,"href":"https:\/\/www.beimex.com.tr\/tr\/wp-json\/wp\/v2\/product_cat?post=634"},{"taxonomy":"product_tag","embeddable":true,"href":"https:\/\/www.beimex.com.tr\/tr\/wp-json\/wp\/v2\/product_tag?post=634"}],"curies":[{"name":"wp","href":"https:\/\/api.w.org\/{rel}","templated":true}]}}